{"id":37,"date":"2025-05-22T15:02:48","date_gmt":"2025-05-22T15:02:48","guid":{"rendered":"https:\/\/fpnvadvies.nl\/?page_id=37"},"modified":"2025-05-25T15:11:32","modified_gmt":"2025-05-25T15:11:32","slug":"landingspagina","status":"publish","type":"page","link":"https:\/\/fpnvadvies.nl\/","title":{"rendered":"Welkom bij Fpnv-advies"},"content":{"rendered":"\n<div class=\"wp-block-group alignfull\" style=\"min-height:0vh;margin-top:0;margin-bottom:0;padding-top:var(--wp--preset--spacing--70);padding-right:var(--wp--preset--spacing--40);padding-bottom:var(--wp--preset--spacing--70);padding-left:var(--wp--preset--spacing--40)\"><div class=\"wp-block-group__inner-container is-layout-constrained wp-container-core-group-is-layout-50021241 wp-block-group-is-layout-constrained\">\n<div class=\"wp-block-group\"><div class=\"wp-block-group__inner-container is-layout-constrained wp-block-group-is-layout-constrained\">\n<h2 class=\"wp-block-heading has-text-align-center has-xx-large-font-size\" style=\"margin-right:0;margin-left:0;padding-right:0;padding-left:0\">uw financieel plan naar verandering<\/h2>\n\n\n\n<p class=\"has-text-align-center\">Bij Fpnv-advies begrijpen we dat financi\u00ebn persoonlijk zijn. Uw leven verandert, en daarmee ook uw financi\u00eble situatie en wensen. Of u nu net begint op de arbeidsmarkt, een gezin sticht, midden in uw carri\u00e8re zit of richting pensioen gaat: elke levensfase vraagt om een goed doordacht financieel plan.<\/p>\n\n\n\n<div class=\"wp-block-buttons is-content-justification-center is-layout-flex wp-container-core-buttons-is-layout-16018d1d wp-block-buttons-is-layout-flex\">\n<div class=\"wp-block-button\"><a class=\"wp-block-button__link wp-element-button\" href=\"https:\/\/fpnvadvies.nl\/?page_id=37\">Leer meer<\/a><\/div>\n<\/div>\n<\/div><\/div>\n<\/div><\/div>\n\n\n\n<div class=\"wp-block-group alignfull is-style-section-1\" style=\"margin-top:0;margin-bottom:0;padding-top:var(--wp--preset--spacing--80);padding-bottom:var(--wp--preset--spacing--80)\"><div class=\"wp-block-group__inner-container is-layout-constrained wp-block-group-is-layout-constrained\">\n<div class=\"wp-block-columns alignwide is-layout-flex wp-container-core-columns-is-layout-5770a4fd wp-block-columns-is-layout-flex\">\n<div class=\"wp-block-column is-layout-flow wp-block-column-is-layout-flow\" style=\"padding-right:var(--wp--preset--spacing--50);flex-basis:45%\">\n<figure class=\"wp-block-image size-full\"><img fetchpriority=\"high\" decoding=\"async\" width=\"1920\" height=\"800\" src=\"https:\/\/fpnvadvies.nl\/wp-content\/uploads\/2025\/05\/cropped-cropped-Ontwerp-zonder-titel.png\" alt=\"\" class=\"wp-image-70\" srcset=\"https:\/\/fpnvadvies.nl\/wp-content\/uploads\/2025\/05\/cropped-cropped-Ontwerp-zonder-titel.png 1920w, https:\/\/fpnvadvies.nl\/wp-content\/uploads\/2025\/05\/cropped-cropped-Ontwerp-zonder-titel-300x125.png 300w, https:\/\/fpnvadvies.nl\/wp-content\/uploads\/2025\/05\/cropped-cropped-Ontwerp-zonder-titel-1024x427.png 1024w, https:\/\/fpnvadvies.nl\/wp-content\/uploads\/2025\/05\/cropped-cropped-Ontwerp-zonder-titel-768x320.png 768w, https:\/\/fpnvadvies.nl\/wp-content\/uploads\/2025\/05\/cropped-cropped-Ontwerp-zonder-titel-1536x640.png 1536w\" sizes=\"(max-width: 1920px) 100vw, 1920px\" \/><\/figure>\n\n\n\n<div class=\"wp-block-group\" style=\"margin-top:-12vw\"><div class=\"wp-block-group__inner-container is-layout-constrained wp-block-group-is-layout-constrained\"><\/div><\/div>\n<\/div>\n\n\n\n<div class=\"wp-block-column is-vertically-aligned-center is-layout-flow wp-block-column-is-layout-flow\" style=\"padding-right:0;padding-left:0;flex-basis:50%\">\n<div class=\"wp-block-group is-vertical is-layout-flex wp-container-core-group-is-layout-8cf370e7 wp-block-group-is-layout-flex\">\n<h2 class=\"wp-block-heading is-style-text-annotation\">Over ons<\/h2>\n<\/div>\n\n\n\n<p class=\"is-style-text-subtitle\"><strong>Wij helpen u verder te kijken en terug te blikken<\/strong><\/p>\n\n\n\n<p class=\"is-style-text-subtitle\">Een goed financieel plan is niet enkel plannen voor de toekomst, maar ook herbekijken van eerder gemaakte keuzes. Wat zijn de gevolgen van beslissingen uit het verleden? Wat kunt u nu doen om later zorgeloos te leven?<\/p>\n<\/div>\n<\/div>\n<\/div><\/div>\n\n\n\n<div class=\"wp-block-group alignfull\" style=\"margin-top:0;margin-bottom:0;padding-top:var(--wp--preset--spacing--50);padding-bottom:var(--wp--preset--spacing--50)\"><div class=\"wp-block-group__inner-container is-layout-constrained wp-block-group-is-layout-constrained\">\n<h2 class=\"wp-block-heading alignwide\">Onze diensten<\/h2>\n\n\n\n<div class=\"wp-block-columns alignwide is-layout-flex wp-container-core-columns-is-layout-9d6595d7 wp-block-columns-is-layout-flex\">\n<div class=\"wp-block-column is-layout-flow wp-block-column-is-layout-flow\">\n<figure class=\"wp-block-image size-full\" style=\"margin-bottom:24px\"><img decoding=\"async\" width=\"500\" height=\"500\" src=\"https:\/\/fpnvadvies.nl\/wp-content\/uploads\/2025\/05\/Pensioen-1.png\" alt=\"\" class=\"wp-image-82\" style=\"aspect-ratio:4\/3;object-fit:cover\" srcset=\"https:\/\/fpnvadvies.nl\/wp-content\/uploads\/2025\/05\/Pensioen-1.png 500w, https:\/\/fpnvadvies.nl\/wp-content\/uploads\/2025\/05\/Pensioen-1-300x300.png 300w, https:\/\/fpnvadvies.nl\/wp-content\/uploads\/2025\/05\/Pensioen-1-150x150.png 150w\" sizes=\"(max-width: 500px) 100vw, 500px\" \/><\/figure>\n\n\n\n<h3 class=\"wp-block-heading\">Pensioenopbouw<\/h3>\n\n\n\n<p class=\"has-medium-font-size\">Kan u uw gewenste leven leiden na uw pensioen? Wat heeft u hiervoor nodig? Hoe bouwt u dit het beste op? Een goed plan is hiervoor essentieel. Wij bespreken met u wat uw doelen zijn geven u handvaten zodat u zich er geen zorgen over moet maken. <\/p>\n\n\n\n<p><\/p>\n\n\n\n<p><\/p>\n\n\n\n<p><\/p>\n<\/div>\n\n\n\n<div class=\"wp-block-column is-layout-flow wp-block-column-is-layout-flow\">\n<figure class=\"wp-block-image size-full\" style=\"margin-bottom:24px\"><img decoding=\"async\" width=\"940\" height=\"788\" src=\"https:\/\/fpnvadvies.nl\/wp-content\/uploads\/2025\/05\/Huis.png\" alt=\"\" class=\"wp-image-75\" style=\"aspect-ratio:4\/3;object-fit:cover\" srcset=\"https:\/\/fpnvadvies.nl\/wp-content\/uploads\/2025\/05\/Huis.png 940w, https:\/\/fpnvadvies.nl\/wp-content\/uploads\/2025\/05\/Huis-300x251.png 300w, https:\/\/fpnvadvies.nl\/wp-content\/uploads\/2025\/05\/Huis-768x644.png 768w\" sizes=\"(max-width: 940px) 100vw, 940px\" \/><\/figure>\n\n\n\n<h3 class=\"wp-block-heading\">Vermogensplanning<\/h3>\n\n\n\n<p class=\"has-medium-font-size\">Sparen, beleggen of een huis kopen. Een goed inzicht in uw vermogen is belangrijk. Dit overzicht maken we samen.<\/p>\n<\/div>\n\n\n\n<div class=\"wp-block-column is-layout-flow wp-block-column-is-layout-flow\">\n<figure class=\"wp-block-image size-full\" style=\"margin-bottom:24px\"><img loading=\"lazy\" decoding=\"async\" width=\"1080\" height=\"1350\" src=\"https:\/\/fpnvadvies.nl\/wp-content\/uploads\/2025\/05\/Gezin-1-1.png\" alt=\"\" class=\"wp-image-80\" style=\"aspect-ratio:4\/3;object-fit:cover\" srcset=\"https:\/\/fpnvadvies.nl\/wp-content\/uploads\/2025\/05\/Gezin-1-1.png 1080w, https:\/\/fpnvadvies.nl\/wp-content\/uploads\/2025\/05\/Gezin-1-1-240x300.png 240w, https:\/\/fpnvadvies.nl\/wp-content\/uploads\/2025\/05\/Gezin-1-1-819x1024.png 819w\" sizes=\"(max-width: 1080px) 100vw, 1080px\" \/><\/figure>\n\n\n\n<h3 class=\"wp-block-heading\">Schenken- overlijden<\/h3>\n\n\n\n<p class=\"has-medium-font-size\">Elke vermogensoverdracht vraagt om een andere aanpak. Zeer belangrijk is om hierover na te denken en op tijd uw wensen kenbaar te maken. Is dit niet gebeurd kunnen wij u begeleiden in de afhandeling van de nalatenschap<\/p>\n<\/div>\n<\/div>\n<\/div><\/div>\n\n\n\n<div class=\"wp-block-group alignfull\" style=\"margin-top:0;margin-bottom:0;padding-top:var(--wp--preset--spacing--60);padding-bottom:var(--wp--preset--spacing--60)\"><div class=\"wp-block-group__inner-container is-layout-constrained wp-block-group-is-layout-constrained\">\n<div class=\"wp-block-columns alignwide is-layout-flex wp-container-core-columns-is-layout-8e1be784 wp-block-columns-is-layout-flex\">\n<div class=\"wp-block-column is-layout-flow wp-block-column-is-layout-flow\"><\/div>\n\n\n\n<div class=\"wp-block-column is-layout-flow wp-block-column-is-layout-flow\" style=\"padding-top:0;padding-right:0;padding-bottom:0;padding-left:0\"><\/div>\n<\/div>\n<\/div><\/div>\n","protected":false},"excerpt":{"rendered":"<p>uw financieel plan naar verandering Bij Fpnv-advies begrijpen we dat financi\u00ebn persoonlijk zijn. Uw leven verandert, en daarmee ook uw financi\u00eble situatie en wensen. Of [&hellip;]<\/p>\n","protected":false},"author":1,"featured_media":7,"parent":0,"menu_order":0,"comment_status":"closed","ping_status":"closed","template":"","meta":{"footnotes":""},"class_list":["post-37","page","type-page","status-publish","has-post-thumbnail","hentry"],"yoast_head":"<!-- This site is optimized with the Yoast SEO plugin v27.2 - https:\/\/yoast.com\/product\/yoast-seo-wordpress\/ -->\n<title>Welkom bij Fpnv-advies - Fpnv-advies<\/title>\n<meta name=\"robots\" content=\"index, follow, max-snippet:-1, max-image-preview:large, max-video-preview:-1\" \/>\n<link rel=\"canonical\" href=\"https:\/\/fpnvadvies.nl\/\" \/>\n<meta property=\"og:locale\" content=\"nl_NL\" \/>\n<meta property=\"og:type\" content=\"article\" \/>\n<meta property=\"og:title\" content=\"Welkom bij Fpnv-advies - Fpnv-advies\" \/>\n<meta property=\"og:description\" content=\"uw financieel plan naar verandering Bij Fpnv-advies begrijpen we dat financi\u00ebn persoonlijk zijn. Uw leven verandert, en daarmee ook uw financi\u00eble situatie en wensen. Of [&hellip;]\" \/>\n<meta property=\"og:url\" content=\"https:\/\/fpnvadvies.nl\/\" \/>\n<meta property=\"og:site_name\" content=\"Fpnv-advies\" \/>\n<meta property=\"article:modified_time\" content=\"2025-05-25T15:11:32+00:00\" \/>\n<meta property=\"og:image\" content=\"https:\/\/fpnvadvies.nl\/wp-content\/uploads\/2025\/05\/VdV.png\" \/>\n\t<meta property=\"og:image:width\" content=\"500\" \/>\n\t<meta property=\"og:image:height\" content=\"500\" \/>\n\t<meta property=\"og:image:type\" content=\"image\/png\" \/>\n<meta name=\"twitter:card\" content=\"summary_large_image\" \/>\n<meta name=\"twitter:label1\" content=\"Geschatte leestijd\" \/>\n\t<meta name=\"twitter:data1\" content=\"3 minuten\" \/>\n<script type=\"application\/ld+json\" class=\"yoast-schema-graph\">{\"@context\":\"https:\/\/schema.org\",\"@graph\":[{\"@type\":\"WebPage\",\"@id\":\"https:\/\/fpnvadvies.nl\/\",\"url\":\"https:\/\/fpnvadvies.nl\/\",\"name\":\"Welkom bij Fpnv-advies - Fpnv-advies\",\"isPartOf\":{\"@id\":\"https:\/\/fpnvadvies.nl\/#website\"},\"primaryImageOfPage\":{\"@id\":\"https:\/\/fpnvadvies.nl\/#primaryimage\"},\"image\":{\"@id\":\"https:\/\/fpnvadvies.nl\/#primaryimage\"},\"thumbnailUrl\":\"https:\/\/fpnvadvies.nl\/wp-content\/uploads\/2025\/05\/VdV.png\",\"datePublished\":\"2025-05-22T15:02:48+00:00\",\"dateModified\":\"2025-05-25T15:11:32+00:00\",\"breadcrumb\":{\"@id\":\"https:\/\/fpnvadvies.nl\/#breadcrumb\"},\"inLanguage\":\"nl-NL\",\"potentialAction\":[{\"@type\":\"ReadAction\",\"target\":[\"https:\/\/fpnvadvies.nl\/\"]}]},{\"@type\":\"ImageObject\",\"inLanguage\":\"nl-NL\",\"@id\":\"https:\/\/fpnvadvies.nl\/#primaryimage\",\"url\":\"https:\/\/fpnvadvies.nl\/wp-content\/uploads\/2025\/05\/VdV.png\",\"contentUrl\":\"https:\/\/fpnvadvies.nl\/wp-content\/uploads\/2025\/05\/VdV.png\",\"width\":500,\"height\":500},{\"@type\":\"BreadcrumbList\",\"@id\":\"https:\/\/fpnvadvies.nl\/#breadcrumb\",\"itemListElement\":[{\"@type\":\"ListItem\",\"position\":1,\"name\":\"Home\",\"item\":\"https:\/\/fpnvadvies.nl\/\"},{\"@type\":\"ListItem\",\"position\":2,\"name\":\"Welkom bij Fpnv-advies\"}]},{\"@type\":\"WebSite\",\"@id\":\"https:\/\/fpnvadvies.nl\/#website\",\"url\":\"https:\/\/fpnvadvies.nl\/\",\"name\":\"Fpnv-advies\",\"description\":\"Uw financieel plan naar verandering\",\"publisher\":{\"@id\":\"https:\/\/fpnvadvies.nl\/#organization\"},\"potentialAction\":[{\"@type\":\"SearchAction\",\"target\":{\"@type\":\"EntryPoint\",\"urlTemplate\":\"https:\/\/fpnvadvies.nl\/?s={search_term_string}\"},\"query-input\":{\"@type\":\"PropertyValueSpecification\",\"valueRequired\":true,\"valueName\":\"search_term_string\"}}],\"inLanguage\":\"nl-NL\"},{\"@type\":\"Organization\",\"@id\":\"https:\/\/fpnvadvies.nl\/#organization\",\"name\":\"Fpnv-advies\",\"url\":\"https:\/\/fpnvadvies.nl\/\",\"logo\":{\"@type\":\"ImageObject\",\"inLanguage\":\"nl-NL\",\"@id\":\"https:\/\/fpnvadvies.nl\/#\/schema\/logo\/image\/\",\"url\":\"https:\/\/fpnvadvies.nl\/wp-content\/uploads\/2025\/05\/cropped-VdV-1.png\",\"contentUrl\":\"https:\/\/fpnvadvies.nl\/wp-content\/uploads\/2025\/05\/cropped-VdV-1.png\",\"width\":512,\"height\":512,\"caption\":\" Fpnv-advies\"},\"image\":{\"@id\":\"https:\/\/fpnvadvies.nl\/#\/schema\/logo\/image\/\"}}]}<\/script>\n<!-- \/ Yoast SEO plugin. -->","yoast_head_json":{"title":"Welkom bij Fpnv-advies - Fpnv-advies","robots":{"index":"index","follow":"follow","max-snippet":"max-snippet:-1","max-image-preview":"max-image-preview:large","max-video-preview":"max-video-preview:-1"},"canonical":"https:\/\/fpnvadvies.nl\/","og_locale":"nl_NL","og_type":"article","og_title":"Welkom bij Fpnv-advies - Fpnv-advies","og_description":"uw financieel plan naar verandering Bij Fpnv-advies begrijpen we dat financi\u00ebn persoonlijk zijn. Uw leven verandert, en daarmee ook uw financi\u00eble situatie en wensen. Of [&hellip;]","og_url":"https:\/\/fpnvadvies.nl\/","og_site_name":"Fpnv-advies","article_modified_time":"2025-05-25T15:11:32+00:00","og_image":[{"width":500,"height":500,"url":"https:\/\/fpnvadvies.nl\/wp-content\/uploads\/2025\/05\/VdV.png","type":"image\/png"}],"twitter_card":"summary_large_image","twitter_misc":{"Geschatte leestijd":"3 minuten"},"schema":{"@context":"https:\/\/schema.org","@graph":[{"@type":"WebPage","@id":"https:\/\/fpnvadvies.nl\/","url":"https:\/\/fpnvadvies.nl\/","name":"Welkom bij Fpnv-advies - Fpnv-advies","isPartOf":{"@id":"https:\/\/fpnvadvies.nl\/#website"},"primaryImageOfPage":{"@id":"https:\/\/fpnvadvies.nl\/#primaryimage"},"image":{"@id":"https:\/\/fpnvadvies.nl\/#primaryimage"},"thumbnailUrl":"https:\/\/fpnvadvies.nl\/wp-content\/uploads\/2025\/05\/VdV.png","datePublished":"2025-05-22T15:02:48+00:00","dateModified":"2025-05-25T15:11:32+00:00","breadcrumb":{"@id":"https:\/\/fpnvadvies.nl\/#breadcrumb"},"inLanguage":"nl-NL","potentialAction":[{"@type":"ReadAction","target":["https:\/\/fpnvadvies.nl\/"]}]},{"@type":"ImageObject","inLanguage":"nl-NL","@id":"https:\/\/fpnvadvies.nl\/#primaryimage","url":"https:\/\/fpnvadvies.nl\/wp-content\/uploads\/2025\/05\/VdV.png","contentUrl":"https:\/\/fpnvadvies.nl\/wp-content\/uploads\/2025\/05\/VdV.png","width":500,"height":500},{"@type":"BreadcrumbList","@id":"https:\/\/fpnvadvies.nl\/#breadcrumb","itemListElement":[{"@type":"ListItem","position":1,"name":"Home","item":"https:\/\/fpnvadvies.nl\/"},{"@type":"ListItem","position":2,"name":"Welkom bij Fpnv-advies"}]},{"@type":"WebSite","@id":"https:\/\/fpnvadvies.nl\/#website","url":"https:\/\/fpnvadvies.nl\/","name":"Fpnv-advies","description":"Uw financieel plan naar verandering","publisher":{"@id":"https:\/\/fpnvadvies.nl\/#organization"},"potentialAction":[{"@type":"SearchAction","target":{"@type":"EntryPoint","urlTemplate":"https:\/\/fpnvadvies.nl\/?s={search_term_string}"},"query-input":{"@type":"PropertyValueSpecification","valueRequired":true,"valueName":"search_term_string"}}],"inLanguage":"nl-NL"},{"@type":"Organization","@id":"https:\/\/fpnvadvies.nl\/#organization","name":"Fpnv-advies","url":"https:\/\/fpnvadvies.nl\/","logo":{"@type":"ImageObject","inLanguage":"nl-NL","@id":"https:\/\/fpnvadvies.nl\/#\/schema\/logo\/image\/","url":"https:\/\/fpnvadvies.nl\/wp-content\/uploads\/2025\/05\/cropped-VdV-1.png","contentUrl":"https:\/\/fpnvadvies.nl\/wp-content\/uploads\/2025\/05\/cropped-VdV-1.png","width":512,"height":512,"caption":" Fpnv-advies"},"image":{"@id":"https:\/\/fpnvadvies.nl\/#\/schema\/logo\/image\/"}}]}},"_links":{"self":[{"href":"https:\/\/fpnvadvies.nl\/index.php?rest_route=\/wp\/v2\/pages\/37","targetHints":{"allow":["GET"]}}],"collection":[{"href":"https:\/\/fpnvadvies.nl\/index.php?rest_route=\/wp\/v2\/pages"}],"about":[{"href":"https:\/\/fpnvadvies.nl\/index.php?rest_route=\/wp\/v2\/types\/page"}],"author":[{"embeddable":true,"href":"https:\/\/fpnvadvies.nl\/index.php?rest_route=\/wp\/v2\/users\/1"}],"replies":[{"embeddable":true,"href":"https:\/\/fpnvadvies.nl\/index.php?rest_route=%2Fwp%2Fv2%2Fcomments&post=37"}],"version-history":[{"count":5,"href":"https:\/\/fpnvadvies.nl\/index.php?rest_route=\/wp\/v2\/pages\/37\/revisions"}],"predecessor-version":[{"id":86,"href":"https:\/\/fpnvadvies.nl\/index.php?rest_route=\/wp\/v2\/pages\/37\/revisions\/86"}],"wp:featuredmedia":[{"embeddable":true,"href":"https:\/\/fpnvadvies.nl\/index.php?rest_route=\/wp\/v2\/media\/7"}],"wp:attachment":[{"href":"https:\/\/fpnvadvies.nl\/index.php?rest_route=%2Fwp%2Fv2%2Fmedia&parent=37"}],"curies":[{"name":"wp","href":"https:\/\/api.w.org\/{rel}","templated":true}]}}